{"id":483,"date":"2019-06-25T10:01:47","date_gmt":"2019-06-25T08:01:47","guid":{"rendered":"http:\/\/dumasrecuperation.com\/?page_id=483"},"modified":"2023-08-30T09:07:39","modified_gmt":"2023-08-30T07:07:39","slug":"videos","status":"publish","type":"page","link":"https:\/\/dumasrecuperation.com\/index.php\/videos\/","title":{"rendered":"VID\u00c9OS"},"content":{"rendered":"\t\t<div data-elementor-type=\"wp-post\" data-elementor-id=\"483\" class=\"elementor elementor-483\">\n\t\t\t\t\t\t<section class=\"elementor-section elementor-top-section elementor-element elementor-element-40c37218 elementor-section-boxed elementor-section-height-default elementor-section-height-default\" data-id=\"40c37218\" data-element_type=\"section\" data-e-type=\"section\">\n\t\t\t\t\t\t<div class=\"elementor-container elementor-column-gap-default\">\n\t\t\t\t\t<div class=\"elementor-column elementor-col-100 elementor-top-column elementor-element elementor-element-5476523d\" data-id=\"5476523d\" data-element_type=\"column\" data-e-type=\"column\">\n\t\t\t<div class=\"elementor-widget-wrap elementor-element-populated\">\n\t\t\t\t\t\t<div class=\"elementor-element elementor-element-3fbd74ef elementor-widget elementor-widget-text-editor\" data-id=\"3fbd74ef\" data-element_type=\"widget\" data-e-type=\"widget\" data-widget_type=\"text-editor.default\">\n\t\t\t\t<div class=\"elementor-widget-container\">\n\t\t\t\t\t\t\t\t\t<p><span style=\"font-size: inherit;\">200 JOURS DE TRAVAUX (2023) :<\/span><\/p><div style=\"width: 750px;\" class=\"wp-video\"><video class=\"wp-video-shortcode\" id=\"video-483-1\" width=\"750\" height=\"422\" preload=\"metadata\" controls=\"controls\"><source type=\"video\/mp4\" src=\"http:\/\/dumasrecuperation.com\/wp-content\/uploads\/2023\/08\/V5.mp4?_=1\" \/><a href=\"http:\/\/dumasrecuperation.com\/wp-content\/uploads\/2023\/08\/V5.mp4\">http:\/\/dumasrecuperation.com\/wp-content\/uploads\/2023\/08\/V5.mp4<\/a><\/video><\/div><p style=\"font-size: 18px;\"><span style=\"font-size: inherit;\">Pr\u00e9sentation de l&rsquo;entreprise :<\/span><\/p><p style=\"font-size: 18px;\"><\/p><div style=\"width: 750px;\" class=\"wp-video\"><video class=\"wp-video-shortcode\" id=\"video-483-2\" width=\"750\" height=\"422\" preload=\"metadata\" controls=\"controls\"><source type=\"video\/mp4\" src=\"http:\/\/dumasrecuperation.com\/wp-content\/uploads\/2023\/08\/DUMAS-TEASER-2.mp4?_=2\" \/><a href=\"http:\/\/dumasrecuperation.com\/wp-content\/uploads\/2023\/08\/DUMAS-TEASER-2.mp4\">http:\/\/dumasrecuperation.com\/wp-content\/uploads\/2023\/08\/DUMAS-TEASER-2.mp4<\/a><\/video><\/div><div style=\"width: 750px;\" class=\"wp-video\"><video class=\"wp-video-shortcode\" id=\"video-483-3\" width=\"750\" height=\"519\" preload=\"metadata\" controls=\"controls\"><source type=\"video\/mp4\" src=\"http:\/\/dumasrecuperation.com\/wp-content\/uploads\/2023\/08\/DUMAS-TEASER-2-1.mp4?_=3\" \/><a href=\"http:\/\/dumasrecuperation.com\/wp-content\/uploads\/2023\/08\/DUMAS-TEASER-2-1.mp4\">http:\/\/dumasrecuperation.com\/wp-content\/uploads\/2023\/08\/DUMAS-TEASER-2-1.mp4<\/a><\/video><\/div><p><\/p><p><span style=\"font-size: inherit;\">NOTRE SOCI\u00c9T\u00c9 :<\/span><\/p><p><iframe width=\"750\" height=\"422\" src=\"https:\/\/www.youtube.com\/embed\/xrl4Mt4P8us?feature=oembed\" frameborder=\"0\" allow=\"accelerometer; autoplay; encrypted-media; gyroscope; picture-in-picture\" allowfullscreen><\/iframe><\/p><p>NOTRE PRESSE :<\/p><p><div id=\"fb-root\"><\/div><script async=\"1\" defer=\"1\" crossorigin=\"anonymous\" src=\"https:\/\/connect.facebook.net\/fr_FR\/sdk.js#xfbml=1&amp;version=v3.3\"><\/script><div class=\"fb-video\" data-href=\"https:\/\/www.facebook.com\/DUMASRECUPERATION\/videos\/2151459235145889\/\" data-width=\"750\"><blockquote cite=\"https:\/\/www.facebook.com\/DUMASRECUPERATION\/videos\/2151459235145889\/\" class=\"fb-xfbml-parse-ignore\"><a href=\"https:\/\/www.facebook.com\/DUMASRECUPERATION\/videos\/2151459235145889\/\">La presse en action !!!<\/a><p>Vid\u00e9o de la presse en action !! DUMAS RECUPERATION prend une autre dimension !!!<\/p>Publi\u00e9e par <a href=\"https:\/\/www.facebook.com\/DUMASRECUPERATION\/\">DUMAS R\u00e9cup\u00e9ration<\/a> sur Lundi 24 juin 2019<\/blockquote><\/div><\/p>\t\t\t\t\t\t\t\t<\/div>\n\t\t\t\t<\/div>\n\t\t\t\t\t<\/div>\n\t\t<\/div>\n\t\t\t\t\t<\/div>\n\t\t<\/section>\n\t\t\t\t<\/div>\n\t\t","protected":false},"excerpt":{"rendered":"<p>200 JOURS DE TRAVAUX (2023) : Pr\u00e9sentation de l&rsquo;entreprise : NOTRE SOCI\u00c9T\u00c9 : NOTRE PRESSE : La presse en action !!! Vid\u00e9o de la presse en action !! DUMAS RECUPERATION prend une autre dimension !!! Publi\u00e9e par DUMAS R\u00e9cup\u00e9ration sur Lundi 24 juin 2019<\/p>\n","protected":false},"author":1,"featured_media":0,"parent":0,"menu_order":0,"comment_status":"closed","ping_status":"closed","template":"","meta":{"ngg_post_thumbnail":0,"footnotes":""},"class_list":["post-483","page","type-page","status-publish","hentry"],"_links":{"self":[{"href":"https:\/\/dumasrecuperation.com\/index.php\/wp-json\/wp\/v2\/pages\/483","targetHints":{"allow":["GET"]}}],"collection":[{"href":"https:\/\/dumasrecuperation.com\/index.php\/wp-json\/wp\/v2\/pages"}],"about":[{"href":"https:\/\/dumasrecuperation.com\/index.php\/wp-json\/wp\/v2\/types\/page"}],"author":[{"embeddable":true,"href":"https:\/\/dumasrecuperation.com\/index.php\/wp-json\/wp\/v2\/users\/1"}],"replies":[{"embeddable":true,"href":"https:\/\/dumasrecuperation.com\/index.php\/wp-json\/wp\/v2\/comments?post=483"}],"version-history":[{"count":25,"href":"https:\/\/dumasrecuperation.com\/index.php\/wp-json\/wp\/v2\/pages\/483\/revisions"}],"predecessor-version":[{"id":887,"href":"https:\/\/dumasrecuperation.com\/index.php\/wp-json\/wp\/v2\/pages\/483\/revisions\/887"}],"wp:attachment":[{"href":"https:\/\/dumasrecuperation.com\/index.php\/wp-json\/wp\/v2\/media?parent=483"}],"curies":[{"name":"wp","href":"https:\/\/api.w.org\/{rel}","templated":true}]}}