{"id":755,"date":"2021-04-14T09:31:05","date_gmt":"2021-04-14T07:31:05","guid":{"rendered":"http:\/\/dumasrecuperation.com\/?page_id=755"},"modified":"2021-04-14T10:37:15","modified_gmt":"2021-04-14T08:37:15","slug":"vehicules-accidentes","status":"publish","type":"page","link":"http:\/\/dumasrecuperation.com\/index.php\/vehicules-accidentes\/","title":{"rendered":"V\u00c9HICULES ACCIDENT\u00c9S"},"content":{"rendered":"\t\t<div data-elementor-type=\"wp-post\" data-elementor-id=\"755\" class=\"elementor elementor-755\">\n\t\t\t\t\t\t<section class=\"elementor-section elementor-top-section elementor-element elementor-element-e9726c4 elementor-section-boxed elementor-section-height-default elementor-section-height-default\" data-id=\"e9726c4\" data-element_type=\"section\" data-e-type=\"section\">\n\t\t\t\t\t\t<div class=\"elementor-container elementor-column-gap-default\">\n\t\t\t\t\t<div class=\"elementor-column elementor-col-100 elementor-top-column elementor-element elementor-element-0b59ebe\" data-id=\"0b59ebe\" data-element_type=\"column\" data-e-type=\"column\">\n\t\t\t<div class=\"elementor-widget-wrap elementor-element-populated\">\n\t\t\t\t\t\t<div class=\"elementor-element elementor-element-822a78c elementor-widget elementor-widget-text-editor\" data-id=\"822a78c\" data-element_type=\"widget\" data-e-type=\"widget\" data-widget_type=\"text-editor.default\">\n\t\t\t\t<div class=\"elementor-widget-container\">\n\t\t\t\t\t\t\t\t\t<h1><a href=\"https:\/\/integrated.opisto.fr\/frames\/vehicles\/122\/DumasRecuperation\" https:=\"\" integrated=\"\" opisto=\"\" fr=\"\" frames=\"\" vehicles=\"\" 122=\"\" dumasrecuperation=\"\"><span style=\"vertical-align: inherit;\"><span style=\"vertical-align: inherit;\"><span style=\"vertical-align: inherit;\">Cliquer ici<\/span><\/span><\/span><\/a><span style=\"vertical-align: inherit;\"><span style=\"vertical-align: inherit;\"><span style=\"vertical-align: inherit;\"> pour d\u00e9couvrir nos v\u00e9hicules \u00e0 la vente <\/span><\/span><br \/><\/span><span style=\"vertical-align: inherit;\"><span style=\"vertical-align: inherit;\"><span style=\"vertical-align: inherit;\">N&rsquo;h\u00e9sitez pas \u00e0 nous contacter.<\/span><\/span><\/span><\/h1>\t\t\t\t\t\t\t\t<\/div>\n\t\t\t\t<\/div>\n\t\t\t\t\t<\/div>\n\t\t<\/div>\n\t\t\t\t\t<\/div>\n\t\t<\/section>\n\t\t\t\t<\/div>\n\t\t","protected":false},"excerpt":{"rendered":"<p>Cliquer ici pour d\u00e9couvrir nos v\u00e9hicules \u00e0 la vente N&rsquo;h\u00e9sitez pas \u00e0 nous contacter.<\/p>\n","protected":false},"author":1,"featured_media":0,"parent":0,"menu_order":0,"comment_status":"closed","ping_status":"closed","template":"page-templates\/template-pagebuilder-full-width.php","meta":{"ngg_post_thumbnail":0,"footnotes":""},"class_list":["post-755","page","type-page","status-publish","hentry"],"_links":{"self":[{"href":"http:\/\/dumasrecuperation.com\/index.php\/wp-json\/wp\/v2\/pages\/755","targetHints":{"allow":["GET"]}}],"collection":[{"href":"http:\/\/dumasrecuperation.com\/index.php\/wp-json\/wp\/v2\/pages"}],"about":[{"href":"http:\/\/dumasrecuperation.com\/index.php\/wp-json\/wp\/v2\/types\/page"}],"author":[{"embeddable":true,"href":"http:\/\/dumasrecuperation.com\/index.php\/wp-json\/wp\/v2\/users\/1"}],"replies":[{"embeddable":true,"href":"http:\/\/dumasrecuperation.com\/index.php\/wp-json\/wp\/v2\/comments?post=755"}],"version-history":[{"count":5,"href":"http:\/\/dumasrecuperation.com\/index.php\/wp-json\/wp\/v2\/pages\/755\/revisions"}],"predecessor-version":[{"id":766,"href":"http:\/\/dumasrecuperation.com\/index.php\/wp-json\/wp\/v2\/pages\/755\/revisions\/766"}],"wp:attachment":[{"href":"http:\/\/dumasrecuperation.com\/index.php\/wp-json\/wp\/v2\/media?parent=755"}],"curies":[{"name":"wp","href":"https:\/\/api.w.org\/{rel}","templated":true}]}}