{"id":335,"date":"2019-01-31T10:13:19","date_gmt":"2019-01-31T09:13:19","guid":{"rendered":"http:\/\/dumasrecuperation.com\/?page_id=335"},"modified":"2026-01-08T11:52:00","modified_gmt":"2026-01-08T10:52:00","slug":"pieces-detachees","status":"publish","type":"page","link":"http:\/\/dumasrecuperation.com\/index.php\/accueil\/pieces-detachees\/","title":{"rendered":"Pi\u00e8ces d\u00e9tach\u00e9es"},"content":{"rendered":"\t\t<div data-elementor-type=\"wp-post\" data-elementor-id=\"335\" class=\"elementor elementor-335\">\n\t\t\t\t\t\t<section class=\"elementor-section elementor-top-section elementor-element elementor-element-173855b4 elementor-section-boxed elementor-section-height-default elementor-section-height-default\" data-id=\"173855b4\" data-element_type=\"section\" data-e-type=\"section\">\n\t\t\t\t\t\t<div class=\"elementor-container elementor-column-gap-default\">\n\t\t\t\t\t<div class=\"elementor-column elementor-col-100 elementor-top-column elementor-element elementor-element-6a3d567e\" data-id=\"6a3d567e\" data-element_type=\"column\" data-e-type=\"column\">\n\t\t\t<div class=\"elementor-widget-wrap elementor-element-populated\">\n\t\t\t\t\t\t<div class=\"elementor-element elementor-element-63d92ab elementor-widget elementor-widget-heading\" data-id=\"63d92ab\" data-element_type=\"widget\" data-e-type=\"widget\" data-widget_type=\"heading.default\">\n\t\t\t\t<div class=\"elementor-widget-container\">\n\t\t\t\t\t<h2 class=\"elementor-heading-title elementor-size-default\">Vente de pi\u00e8ces d\u00e9tach\u00e9es d'occasion<\/h2>\t\t\t\t<\/div>\n\t\t\t\t<\/div>\n\t\t\t\t<div class=\"elementor-element elementor-element-e527fd4 elementor-widget elementor-widget-text-editor\" data-id=\"e527fd4\" data-element_type=\"widget\" data-e-type=\"widget\" data-widget_type=\"text-editor.default\">\n\t\t\t\t<div class=\"elementor-widget-container\">\n\t\t\t\t\t\t\t\t\t<div><\/div><div><\/div><p><strong>DUMAS R\u00e9cup\u00e9ration <\/strong>vous propose un large choix de pi\u00e8ces d\u00e9tach\u00e9es automobiles d&rsquo;occasion. Une \u00e9quipe de professionnels d\u00e9polluent et d\u00e9montent les v\u00e9hicules hors d&rsquo;usage. Les pi\u00e8ces d\u00e9tach\u00e9es destin\u00e9es au r\u00e9emploi sont ainsi pr\u00e9lev\u00e9es avant la destruction du v\u00e9hicule. Un contr\u00f4le qualit\u00e9 de chaque pi\u00e8ce est mis en place afin de v\u00e9rifier et valider son \u00e9tat avant la mise en stock. Chaque pi\u00e8ce fait l&rsquo;objet d&rsquo;une tra\u00e7abilit\u00e9 permettant d&rsquo;identifier le v\u00e9hicule sur lequel elle a \u00e9t\u00e9 pr\u00e9lev\u00e9e.<\/p><p><\/p><p>La l\u00e9gislation permet aujourd&rsquo;hui d&rsquo;utiliser ces pi\u00e8ces de r\u00e9emploi pour r\u00e9parer son v\u00e9hicule.<\/p><p>Agissez pour l&rsquo;environnement et gagnez en pouvoir d&rsquo;achat en optant pour une pi\u00e8ce issue de l&rsquo;\u00e9conomie circulaire !<\/p>\t\t\t\t\t\t\t\t<\/div>\n\t\t\t\t<\/div>\n\t\t\t\t<div class=\"elementor-element elementor-element-9bc3aaa elementor-widget elementor-widget-image\" data-id=\"9bc3aaa\" data-element_type=\"widget\" data-e-type=\"widget\" data-widget_type=\"image.default\">\n\t\t\t\t<div class=\"elementor-widget-container\">\n\t\t\t\t\t\t\t\t\t\t\t\t\t\t\t<img fetchpriority=\"high\" decoding=\"async\" width=\"300\" height=\"200\" src=\"http:\/\/dumasrecuperation.com\/wp-content\/uploads\/2019\/01\/pie\u0300ces-de\u0301tache\u0301es-1-300x200.jpg\" class=\"attachment-medium size-medium wp-image-338\" alt=\"\" srcset=\"http:\/\/dumasrecuperation.com\/wp-content\/uploads\/2019\/01\/pie\u0300ces-de\u0301tache\u0301es-1-300x200.jpg 300w, http:\/\/dumasrecuperation.com\/wp-content\/uploads\/2019\/01\/pie\u0300ces-de\u0301tache\u0301es-1-768x512.jpg 768w, http:\/\/dumasrecuperation.com\/wp-content\/uploads\/2019\/01\/pie\u0300ces-de\u0301tache\u0301es-1-1024x683.jpg 1024w, http:\/\/dumasrecuperation.com\/wp-content\/uploads\/2019\/01\/pie\u0300ces-de\u0301tache\u0301es-1-360x240.jpg 360w\" sizes=\"(max-width: 300px) 100vw, 300px\" \/>\t\t\t\t\t\t\t\t\t\t\t\t\t\t\t<\/div>\n\t\t\t\t<\/div>\n\t\t\t\t<div class=\"elementor-element elementor-element-2cdb626 elementor-position-left elementor-vertical-align-middle elementor-widget elementor-widget-image-box\" data-id=\"2cdb626\" data-element_type=\"widget\" data-e-type=\"widget\" data-widget_type=\"image-box.default\">\n\t\t\t\t<div class=\"elementor-widget-container\">\n\t\t\t\t\t<div class=\"elementor-image-box-wrapper\"><figure class=\"elementor-image-box-img\"><img decoding=\"async\" width=\"256\" height=\"256\" src=\"http:\/\/dumasrecuperation.com\/wp-content\/uploads\/2019\/01\/icon.png\" class=\"attachment-full size-full wp-image-340\" alt=\"\" srcset=\"http:\/\/dumasrecuperation.com\/wp-content\/uploads\/2019\/01\/icon.png 256w, http:\/\/dumasrecuperation.com\/wp-content\/uploads\/2019\/01\/icon-150x150.png 150w\" sizes=\"(max-width: 256px) 100vw, 256px\" \/><\/figure><div class=\"elementor-image-box-content\"><h5 class=\"elementor-image-box-title\">Vente au comptoir<\/h5><p class=\"elementor-image-box-description\">Temporairement Ferm\u00e9<\/p><\/div><\/div>\t\t\t\t<\/div>\n\t\t\t\t<\/div>\n\t\t\t\t<div class=\"elementor-element elementor-element-8b32d92 elementor-position-left elementor-vertical-align-middle elementor-widget elementor-widget-image-box\" data-id=\"8b32d92\" data-element_type=\"widget\" data-e-type=\"widget\" data-widget_type=\"image-box.default\">\n\t\t\t\t<div class=\"elementor-widget-container\">\n\t\t\t\t\t<div class=\"elementor-image-box-wrapper\"><figure class=\"elementor-image-box-img\"><img decoding=\"async\" width=\"240\" height=\"240\" src=\"http:\/\/dumasrecuperation.com\/wp-content\/uploads\/2019\/01\/buying-on-smartphone.png\" class=\"attachment-full size-full wp-image-339\" alt=\"\" srcset=\"http:\/\/dumasrecuperation.com\/wp-content\/uploads\/2019\/01\/buying-on-smartphone.png 240w, http:\/\/dumasrecuperation.com\/wp-content\/uploads\/2019\/01\/buying-on-smartphone-150x150.png 150w\" sizes=\"(max-width: 240px) 100vw, 240px\" \/><\/figure><div class=\"elementor-image-box-content\"><h5 class=\"elementor-image-box-title\">Vente en ligne<\/h5><p class=\"elementor-image-box-description\">Retrouvez toutes nos pi\u00e8ces en stock sur le site www.opisto.fr. <br>Une question ? Ecrivez-nous \u00e0 infos@dumasrecup.com.<\/p><\/div><\/div>\t\t\t\t<\/div>\n\t\t\t\t<\/div>\n\t\t\t\t\t<\/div>\n\t\t<\/div>\n\t\t\t\t\t<\/div>\n\t\t<\/section>\n\t\t\t\t<section class=\"elementor-section elementor-top-section elementor-element elementor-element-2432538 elementor-section-boxed elementor-section-height-default elementor-section-height-default\" data-id=\"2432538\" data-element_type=\"section\" data-e-type=\"section\">\n\t\t\t\t\t\t<div class=\"elementor-container elementor-column-gap-default\">\n\t\t\t\t\t<div class=\"elementor-column elementor-col-100 elementor-top-column elementor-element elementor-element-46df12a\" data-id=\"46df12a\" data-element_type=\"column\" data-e-type=\"column\">\n\t\t\t<div class=\"elementor-widget-wrap elementor-element-populated\">\n\t\t\t\t\t\t<div class=\"elementor-element elementor-element-75190b5 elementor-widget elementor-widget-image\" data-id=\"75190b5\" data-element_type=\"widget\" data-e-type=\"widget\" data-widget_type=\"image.default\">\n\t\t\t\t<div class=\"elementor-widget-container\">\n\t\t\t\t\t\t\t\t\t\t\t\t\t\t\t<img loading=\"lazy\" decoding=\"async\" width=\"750\" height=\"1061\" src=\"http:\/\/dumasrecuperation.com\/wp-content\/uploads\/2019\/01\/Infographie-Pie\u0300ces-auto-issues-de-le\u0301conomie-circulaire-768x1086.png\" class=\"attachment-medium_large size-medium_large wp-image-342\" alt=\"\" srcset=\"http:\/\/dumasrecuperation.com\/wp-content\/uploads\/2019\/01\/Infographie-Pie\u0300ces-auto-issues-de-le\u0301conomie-circulaire-768x1086.png 768w, http:\/\/dumasrecuperation.com\/wp-content\/uploads\/2019\/01\/Infographie-Pie\u0300ces-auto-issues-de-le\u0301conomie-circulaire-212x300.png 212w, http:\/\/dumasrecuperation.com\/wp-content\/uploads\/2019\/01\/Infographie-Pie\u0300ces-auto-issues-de-le\u0301conomie-circulaire-724x1024.png 724w, http:\/\/dumasrecuperation.com\/wp-content\/uploads\/2019\/01\/Infographie-Pie\u0300ces-auto-issues-de-le\u0301conomie-circulaire.png 1000w\" sizes=\"(max-width: 750px) 100vw, 750px\" \/>\t\t\t\t\t\t\t\t\t\t\t\t\t\t\t<\/div>\n\t\t\t\t<\/div>\n\t\t\t\t\t<\/div>\n\t\t<\/div>\n\t\t\t\t\t<\/div>\n\t\t<\/section>\n\t\t\t\t<section class=\"elementor-section elementor-top-section elementor-element elementor-element-dc11053 elementor-section-boxed elementor-section-height-default elementor-section-height-default\" data-id=\"dc11053\" data-element_type=\"section\" data-e-type=\"section\">\n\t\t\t\t\t\t<div class=\"elementor-container elementor-column-gap-default\">\n\t\t\t\t\t<div class=\"elementor-column elementor-col-100 elementor-top-column elementor-element elementor-element-6222b76\" data-id=\"6222b76\" data-element_type=\"column\" data-e-type=\"column\">\n\t\t\t<div class=\"elementor-widget-wrap elementor-element-populated\">\n\t\t\t\t\t\t<div class=\"elementor-element elementor-element-29c0825 elementor-widget elementor-widget-heading\" data-id=\"29c0825\" data-element_type=\"widget\" data-e-type=\"widget\" data-widget_type=\"heading.default\">\n\t\t\t\t<div class=\"elementor-widget-container\">\n\t\t\t\t\t<h1 class=\"elementor-heading-title elementor-size-large\">\n\nFormulaire de demande de pi\u00e8ces d\u00e9tach\u00e9es<\/h1>\t\t\t\t<\/div>\n\t\t\t\t<\/div>\n\t\t\t\t<div class=\"elementor-element elementor-element-9eade04 elementor-drop-cap-yes elementor-drop-cap-view-default elementor-widget elementor-widget-text-editor\" data-id=\"9eade04\" data-element_type=\"widget\" data-e-type=\"widget\" data-settings=\"{&quot;drop_cap&quot;:&quot;yes&quot;}\" data-widget_type=\"text-editor.default\">\n\t\t\t\t<div class=\"elementor-widget-container\">\n\t\t\t\t\t\t\t\t\t<p><span><span style=\"vertical-align: inherit;\"><span style=\"vertical-align: inherit;\"><div class=\"wpforms-container wpforms-container-full\" id=\"wpforms-501\"><form id=\"wpforms-form-501\" class=\"wpforms-validate wpforms-form\" data-formid=\"501\" method=\"post\" enctype=\"multipart\/form-data\" action=\"\/index.php\/wp-json\/wp\/v2\/pages\/335\" data-token=\"0eb0d7683d2283223a118c025544e78e\" data-token-time=\"1776696124\"><noscript class=\"wpforms-error-noscript\">Veuillez activer JavaScript dans votre navigateur pour remplir ce formulaire.<\/noscript><div class=\"wpforms-field-container\"><div id=\"wpforms-501-field_0-container\" class=\"wpforms-field wpforms-field-name\" data-field-id=\"0\"><label class=\"wpforms-field-label\" for=\"wpforms-501-field_0\">Nom <span class=\"wpforms-required-label\">*<\/span><\/label><input type=\"text\" id=\"wpforms-501-field_0\" class=\"wpforms-field-medium wpforms-field-required\" name=\"wpforms[fields][0]\" required><\/div><div id=\"wpforms-501-field_6-container\" class=\"wpforms-field wpforms-field-name\" data-field-id=\"6\"><label class=\"wpforms-field-label\" for=\"wpforms-501-field_6\">Pr\u00e9nom <span class=\"wpforms-required-label\">*<\/span><\/label><input type=\"text\" id=\"wpforms-501-field_6\" class=\"wpforms-field-medium wpforms-field-required\" name=\"wpforms[fields][6]\" required><\/div><div id=\"wpforms-501-field_13-container\" class=\"wpforms-field wpforms-field-text\" data-field-id=\"13\"><label class=\"wpforms-field-label\" for=\"wpforms-501-field_13\">Num\u00e9ro de t\u00e9l\u00e9phone <span class=\"wpforms-required-label\">*<\/span><\/label><input type=\"text\" id=\"wpforms-501-field_13\" class=\"wpforms-field-medium wpforms-field-required\" name=\"wpforms[fields][13]\" required><\/div><div id=\"wpforms-501-field_1-container\" class=\"wpforms-field wpforms-field-email\" data-field-id=\"1\"><label class=\"wpforms-field-label\" for=\"wpforms-501-field_1\">Email <span class=\"wpforms-required-label\">*<\/span><\/label><input type=\"email\" id=\"wpforms-501-field_1\" class=\"wpforms-field-medium wpforms-field-required\" name=\"wpforms[fields][1]\" spellcheck=\"false\" required><\/div><div id=\"wpforms-501-field_8-container\" class=\"wpforms-field wpforms-field-radio\" data-field-id=\"8\"><label class=\"wpforms-field-label\">S\u00e9lectionner la marque du v\u00e9hicule <span class=\"wpforms-required-label\">*<\/span><\/label><ul id=\"wpforms-501-field_8\" class=\"wpforms-field-required\"><li class=\"choice-1 depth-1 wpforms-selected\"><input type=\"radio\" id=\"wpforms-501-field_8_1\" name=\"wpforms[fields][8]\" value=\"Renault\" required  checked='checked'><label class=\"wpforms-field-label-inline\" for=\"wpforms-501-field_8_1\">Renault<\/label><\/li><li class=\"choice-8 depth-1\"><input type=\"radio\" id=\"wpforms-501-field_8_8\" name=\"wpforms[fields][8]\" value=\"Peugeot\" required ><label class=\"wpforms-field-label-inline\" for=\"wpforms-501-field_8_8\">Peugeot<\/label><\/li><li class=\"choice-3 depth-1\"><input type=\"radio\" id=\"wpforms-501-field_8_3\" name=\"wpforms[fields][8]\" value=\"Citroen\" required ><label class=\"wpforms-field-label-inline\" for=\"wpforms-501-field_8_3\">Citroen<\/label><\/li><li class=\"choice-4 depth-1\"><input type=\"radio\" id=\"wpforms-501-field_8_4\" name=\"wpforms[fields][8]\" value=\"Opel\" required ><label class=\"wpforms-field-label-inline\" for=\"wpforms-501-field_8_4\">Opel<\/label><\/li><li class=\"choice-9 depth-1\"><input type=\"radio\" id=\"wpforms-501-field_8_9\" name=\"wpforms[fields][8]\" value=\"Ford\" required ><label class=\"wpforms-field-label-inline\" for=\"wpforms-501-field_8_9\">Ford<\/label><\/li><li class=\"choice-10 depth-1\"><input type=\"radio\" id=\"wpforms-501-field_8_10\" name=\"wpforms[fields][8]\" value=\"Volkswagen\" required ><label class=\"wpforms-field-label-inline\" for=\"wpforms-501-field_8_10\">Volkswagen<\/label><\/li><li class=\"choice-11 depth-1\"><input type=\"radio\" id=\"wpforms-501-field_8_11\" name=\"wpforms[fields][8]\" value=\"Audi\" required ><label class=\"wpforms-field-label-inline\" for=\"wpforms-501-field_8_11\">Audi<\/label><\/li><li class=\"choice-12 depth-1\"><input type=\"radio\" id=\"wpforms-501-field_8_12\" name=\"wpforms[fields][8]\" value=\"BMW\" required ><label class=\"wpforms-field-label-inline\" for=\"wpforms-501-field_8_12\">BMW<\/label><\/li><li class=\"choice-13 depth-1\"><input type=\"radio\" id=\"wpforms-501-field_8_13\" name=\"wpforms[fields][8]\" value=\"Autres Marques\" required ><label class=\"wpforms-field-label-inline\" for=\"wpforms-501-field_8_13\">Autres Marques<\/label><\/li><\/ul><\/div><div id=\"wpforms-501-field_15-container\" class=\"wpforms-field wpforms-field-text\" data-field-id=\"15\"><label class=\"wpforms-field-label\" for=\"wpforms-501-field_15\">Mod\u00e8le du vehicule<\/label><input type=\"text\" id=\"wpforms-501-field_15\" class=\"wpforms-field-medium\" name=\"wpforms[fields][15]\" ><\/div><div id=\"wpforms-501-field_14-container\" class=\"wpforms-field wpforms-field-radio\" data-field-id=\"14\"><label class=\"wpforms-field-label\">Selectionner l&#039;energie de votre v\u00e9hicule <span class=\"wpforms-required-label\">*<\/span><\/label><ul id=\"wpforms-501-field_14\" class=\"wpforms-field-required\"><li class=\"choice-1 depth-1\"><input type=\"radio\" id=\"wpforms-501-field_14_1\" name=\"wpforms[fields][14]\" value=\"Essence\" required ><label class=\"wpforms-field-label-inline\" for=\"wpforms-501-field_14_1\">Essence<\/label><\/li><li class=\"choice-2 depth-1\"><input type=\"radio\" id=\"wpforms-501-field_14_2\" name=\"wpforms[fields][14]\" value=\"Diesel\" required ><label class=\"wpforms-field-label-inline\" for=\"wpforms-501-field_14_2\">Diesel<\/label><\/li><\/ul><\/div><div id=\"wpforms-501-field_2-container\" class=\"wpforms-field wpforms-field-textarea\" data-field-id=\"2\"><label class=\"wpforms-field-label\" for=\"wpforms-501-field_2\">Demande d\u00e9taill\u00e9e de pi\u00e8ces d\u00e9tach\u00e9es d&#039;occasions <span class=\"wpforms-required-label\">*<\/span><\/label><textarea id=\"wpforms-501-field_2\" class=\"wpforms-field-large wpforms-field-required\" name=\"wpforms[fields][2]\" required><\/textarea><\/div><\/div><!-- .wpforms-field-container --><div class=\"wpforms-field wpforms-field-hp\"><label for=\"wpforms-501-field-hp\" class=\"wpforms-field-label\">Message<\/label><input type=\"text\" name=\"wpforms[hp]\" id=\"wpforms-501-field-hp\" class=\"wpforms-field-medium\"><\/div><div class=\"wpforms-submit-container\" ><input type=\"hidden\" name=\"wpforms[id]\" value=\"501\"><input type=\"hidden\" name=\"page_title\" value=\"\"><input type=\"hidden\" name=\"page_url\" value=\"http:\/\/dumasrecuperation.com\/index.php\/wp-json\/wp\/v2\/pages\/335\"><input type=\"hidden\" name=\"url_referer\" value=\"\"><button type=\"submit\" name=\"wpforms[submit]\" id=\"wpforms-submit-501\" class=\"wpforms-submit\" data-alt-text=\"Sending...\" data-submit-text=\"Soumettre\" aria-live=\"assertive\" value=\"wpforms-submit\">Soumettre<\/button><\/div><\/form><\/div>  <!-- .wpforms-container --><\/span><\/span><\/span><\/p>\t\t\t\t\t\t\t\t<\/div>\n\t\t\t\t<\/div>\n\t\t\t\t\t<\/div>\n\t\t<\/div>\n\t\t\t\t\t<\/div>\n\t\t<\/section>\n\t\t\t\t<\/div>\n\t\t","protected":false},"excerpt":{"rendered":"<p>Vente de pi\u00e8ces d\u00e9tach\u00e9es d&rsquo;occasion DUMAS R\u00e9cup\u00e9ration vous propose un large choix de pi\u00e8ces d\u00e9tach\u00e9es automobiles d&rsquo;occasion. Une \u00e9quipe de professionnels d\u00e9polluent et d\u00e9montent les v\u00e9hicules hors d&rsquo;usage. Les pi\u00e8ces d\u00e9tach\u00e9es destin\u00e9es au r\u00e9emploi sont ainsi pr\u00e9lev\u00e9es avant la destruction du v\u00e9hicule. Un contr\u00f4le qualit\u00e9 de chaque pi\u00e8ce est mis [&hellip;]<\/p>\n","protected":false},"author":1,"featured_media":0,"parent":6,"menu_order":0,"comment_status":"closed","ping_status":"open","template":"","meta":{"ngg_post_thumbnail":0,"footnotes":""},"class_list":["post-335","page","type-page","status-publish","hentry"],"_links":{"self":[{"href":"http:\/\/dumasrecuperation.com\/index.php\/wp-json\/wp\/v2\/pages\/335","targetHints":{"allow":["GET"]}}],"collection":[{"href":"http:\/\/dumasrecuperation.com\/index.php\/wp-json\/wp\/v2\/pages"}],"about":[{"href":"http:\/\/dumasrecuperation.com\/index.php\/wp-json\/wp\/v2\/types\/page"}],"author":[{"embeddable":true,"href":"http:\/\/dumasrecuperation.com\/index.php\/wp-json\/wp\/v2\/users\/1"}],"replies":[{"embeddable":true,"href":"http:\/\/dumasrecuperation.com\/index.php\/wp-json\/wp\/v2\/comments?post=335"}],"version-history":[{"count":16,"href":"http:\/\/dumasrecuperation.com\/index.php\/wp-json\/wp\/v2\/pages\/335\/revisions"}],"predecessor-version":[{"id":927,"href":"http:\/\/dumasrecuperation.com\/index.php\/wp-json\/wp\/v2\/pages\/335\/revisions\/927"}],"up":[{"embeddable":true,"href":"http:\/\/dumasrecuperation.com\/index.php\/wp-json\/wp\/v2\/pages\/6"}],"wp:attachment":[{"href":"http:\/\/dumasrecuperation.com\/index.php\/wp-json\/wp\/v2\/media?parent=335"}],"curies":[{"name":"wp","href":"https:\/\/api.w.org\/{rel}","templated":true}]}}