{"id":304,"date":"2019-01-29T10:45:27","date_gmt":"2019-01-29T09:45:27","guid":{"rendered":"http:\/\/dumasrecuperation.com\/?page_id=304"},"modified":"2024-10-02T10:44:18","modified_gmt":"2024-10-02T08:44:18","slug":"enlevement-depaves","status":"publish","type":"page","link":"http:\/\/dumasrecuperation.com\/index.php\/accueil\/enlevement-depaves\/","title":{"rendered":"Enl\u00e8vement d&rsquo;\u00e9paves"},"content":{"rendered":"\t\t<div data-elementor-type=\"wp-post\" data-elementor-id=\"304\" class=\"elementor elementor-304\">\n\t\t\t\t\t\t<section class=\"elementor-section elementor-top-section elementor-element elementor-element-173855b4 elementor-section-boxed elementor-section-height-default elementor-section-height-default\" data-id=\"173855b4\" data-element_type=\"section\" data-e-type=\"section\">\n\t\t\t\t\t\t<div class=\"elementor-container elementor-column-gap-default\">\n\t\t\t\t\t<div class=\"elementor-column elementor-col-100 elementor-top-column elementor-element elementor-element-6a3d567e\" data-id=\"6a3d567e\" data-element_type=\"column\" data-e-type=\"column\">\n\t\t\t<div class=\"elementor-widget-wrap elementor-element-populated\">\n\t\t\t\t\t\t<div class=\"elementor-element elementor-element-63d92ab elementor-widget elementor-widget-heading\" data-id=\"63d92ab\" data-element_type=\"widget\" data-e-type=\"widget\" data-widget_type=\"heading.default\">\n\t\t\t\t<div class=\"elementor-widget-container\">\n\t\t\t\t\t<h2 class=\"elementor-heading-title elementor-size-default\">Une \u00e9pave \u00e0 enlever ?<\/h2>\t\t\t\t<\/div>\n\t\t\t\t<\/div>\n\t\t\t\t<div class=\"elementor-element elementor-element-688b540 elementor-widget elementor-widget-google_maps\" data-id=\"688b540\" data-element_type=\"widget\" data-e-type=\"widget\" data-widget_type=\"google_maps.default\">\n\t\t\t\t<div class=\"elementor-widget-container\">\n\t\t\t\t\t\t\t<div class=\"elementor-custom-embed\">\n\t\t\t<iframe loading=\"lazy\"\n\t\t\t\t\tsrc=\"https:\/\/maps.google.com\/maps?q=DUMAS%20RECUPERATION%20TRESQUES&#038;t=m&#038;z=10&#038;output=embed&#038;iwloc=near\"\n\t\t\t\t\ttitle=\"DUMAS RECUPERATION TRESQUES\"\n\t\t\t\t\taria-label=\"DUMAS RECUPERATION TRESQUES\"\n\t\t\t><\/iframe>\n\t\t<\/div>\n\t\t\t\t\t\t<\/div>\n\t\t\t\t<\/div>\n\t\t\t\t<div class=\"elementor-element elementor-element-3b1ae98 elementor-widget elementor-widget-text-editor\" data-id=\"3b1ae98\" data-element_type=\"widget\" data-e-type=\"widget\" data-widget_type=\"text-editor.default\">\n\t\t\t\t<div class=\"elementor-widget-container\">\n\t\t\t\t\t\t\t\t\t<div><\/div><div><\/div><p><strong>DUMAS R\u00e9cup\u00e9ration<\/strong> enl\u00e8ve votre v\u00e9hicule <strong>gratuitement<\/strong> dans un rayon de 50 km autour de Bagnols-sur-C\u00e8ze.<\/p><p><img fetchpriority=\"high\" decoding=\"async\" src=\"http:\/\/dumasrecuperation.com\/wp-content\/uploads\/2024\/09\/offre-de-rachat.pdf-2.jpg\" alt=\"\" width=\"243\" height=\"314\" class=\"wp-image-891 aligncenter\" srcset=\"http:\/\/dumasrecuperation.com\/wp-content\/uploads\/2024\/09\/offre-de-rachat.pdf-2.jpg 1545w, http:\/\/dumasrecuperation.com\/wp-content\/uploads\/2024\/09\/offre-de-rachat.pdf-2-232x300.jpg 232w, http:\/\/dumasrecuperation.com\/wp-content\/uploads\/2024\/09\/offre-de-rachat.pdf-2-768x994.jpg 768w, http:\/\/dumasrecuperation.com\/wp-content\/uploads\/2024\/09\/offre-de-rachat.pdf-2-791x1024.jpg 791w\" sizes=\"(max-width: 243px) 100vw, 243px\" \/><\/p>\t\t\t\t\t\t\t\t<\/div>\n\t\t\t\t<\/div>\n\t\t\t\t<div class=\"elementor-element elementor-element-d7d4c0d elementor-align-center elementor-widget elementor-widget-button\" data-id=\"d7d4c0d\" data-element_type=\"widget\" data-e-type=\"widget\" data-widget_type=\"button.default\">\n\t\t\t\t<div class=\"elementor-widget-container\">\n\t\t\t\t\t\t\t\t\t<div class=\"elementor-button-wrapper\">\n\t\t\t\t\t<a class=\"elementor-button elementor-button-link elementor-size-sm\" href=\"https:\/\/siv.interieur.gouv.fr\/map-usg-ui\/do\/csa_retour_dem_certificat\" target=\"_blank\">\n\t\t\t\t\t\t<span class=\"elementor-button-content-wrapper\">\n\t\t\t\t\t\t\t\t\t<span class=\"elementor-button-text\">Obtenir un certificat de non-gage<\/span>\n\t\t\t\t\t<\/span>\n\t\t\t\t\t<\/a>\n\t\t\t\t<\/div>\n\t\t\t\t\t\t\t\t<\/div>\n\t\t\t\t<\/div>\n\t\t\t\t<div class=\"elementor-element elementor-element-2865638 elementor-widget elementor-widget-text-editor\" data-id=\"2865638\" data-element_type=\"widget\" data-e-type=\"widget\" data-widget_type=\"text-editor.default\">\n\t\t\t\t<div class=\"elementor-widget-container\">\n\t\t\t\t\t\t\t\t\t<p>\u00a0Pour constituer votre dossier de demande d&rsquo;enl\u00e8vement, 2 possibilit\u00e9s s&rsquo;offrent \u00e0 vous :<\/p>\t\t\t\t\t\t\t\t<\/div>\n\t\t\t\t<\/div>\n\t\t\t\t<section class=\"elementor-section elementor-inner-section elementor-element elementor-element-243c79a elementor-section-boxed elementor-section-height-default elementor-section-height-default\" data-id=\"243c79a\" data-element_type=\"section\" data-e-type=\"section\" data-settings=\"{&quot;shape_divider_top&quot;:&quot;arrow&quot;}\">\n\t\t\t\t\t<div class=\"elementor-shape elementor-shape-top\" aria-hidden=\"true\" data-negative=\"false\">\n\t\t\t<svg xmlns=\"http:\/\/www.w3.org\/2000\/svg\" viewBox=\"0 0 700 10\" preserveAspectRatio=\"none\">\n\t<path class=\"elementor-shape-fill\" d=\"M350,10L340,0h20L350,10z\"\/>\n<\/svg>\t\t<\/div>\n\t\t\t\t\t<div class=\"elementor-container elementor-column-gap-wider\">\n\t\t\t\t\t<div class=\"elementor-column elementor-col-50 elementor-inner-column elementor-element elementor-element-c554be6\" data-id=\"c554be6\" data-element_type=\"column\" data-e-type=\"column\">\n\t\t\t<div class=\"elementor-widget-wrap elementor-element-populated\">\n\t\t\t\t\t\t<div class=\"elementor-element elementor-element-4f79653 elementor-widget elementor-widget-heading\" data-id=\"4f79653\" data-element_type=\"widget\" data-e-type=\"widget\" data-widget_type=\"heading.default\">\n\t\t\t\t<div class=\"elementor-widget-container\">\n\t\t\t\t\t<h2 class=\"elementor-heading-title elementor-size-default\">SUR PLACE<\/h2>\t\t\t\t<\/div>\n\t\t\t\t<\/div>\n\t\t\t\t<div class=\"elementor-element elementor-element-1f97bfa elementor-view-default elementor-widget elementor-widget-icon\" data-id=\"1f97bfa\" data-element_type=\"widget\" data-e-type=\"widget\" data-widget_type=\"icon.default\">\n\t\t\t\t<div class=\"elementor-widget-container\">\n\t\t\t\t\t\t\t<div class=\"elementor-icon-wrapper\">\n\t\t\t<div class=\"elementor-icon\">\n\t\t\t\t\t\t\t<i class=\"fa fa-street-view\" aria-hidden=\"true\"><\/i>\n\t\t\t\t\t\t<\/div>\n\t\t<\/div>\n\t\t\t\t\t\t<\/div>\n\t\t\t\t<\/div>\n\t\t\t\t<div class=\"elementor-element elementor-element-21af6ad elementor-widget elementor-widget-text-editor\" data-id=\"21af6ad\" data-element_type=\"widget\" data-e-type=\"widget\" data-widget_type=\"text-editor.default\">\n\t\t\t\t<div class=\"elementor-widget-container\">\n\t\t\t\t\t\t\t\t\t<p>Rendez-vous dans nos locaux pour constituer votre dossier.<\/p><p>Munissez-vous de l&rsquo;original de votre carte grise ainsi que de votre pi\u00e8ce d&rsquo;identit\u00e9.<\/p><p>Attention: le nom du propri\u00e9taire sur la carte grise doit \u00eatre le m\u00eame que sur la pi\u00e8ce d&rsquo;identit\u00e9 (en cas de propri\u00e9taires multiples, tous les propri\u00e9taires doivent \u00eatre pr\u00e9sents).<\/p>\t\t\t\t\t\t\t\t<\/div>\n\t\t\t\t<\/div>\n\t\t\t\t<div class=\"elementor-element elementor-element-ccd96fa elementor-widget elementor-widget-text-editor\" data-id=\"ccd96fa\" data-element_type=\"widget\" data-e-type=\"widget\" data-widget_type=\"text-editor.default\">\n\t\t\t\t<div class=\"elementor-widget-container\">\n\t\t\t\t\t\t\t\t\t<p><\/p><p>DUMAS R\u00e9cup\u00e9ration<br \/>529 Avenue du Val de Tave &#8211; Parc d&rsquo;activit\u00e9s de Bernon<br \/>30330 Tresques<br \/>04 66 89 44 24<\/p>\t\t\t\t\t\t\t\t<\/div>\n\t\t\t\t<\/div>\n\t\t\t\t<div class=\"elementor-element elementor-element-3ae6882 elementor-widget elementor-widget-google_maps\" data-id=\"3ae6882\" data-element_type=\"widget\" data-e-type=\"widget\" data-widget_type=\"google_maps.default\">\n\t\t\t\t<div class=\"elementor-widget-container\">\n\t\t\t\t\t\t\t<div class=\"elementor-custom-embed\">\n\t\t\t<iframe loading=\"lazy\"\n\t\t\t\t\tsrc=\"https:\/\/maps.google.com\/maps?q=DUMAS%20r%C3%A9cup%C3%A9ration%2C%20Parc%20d%27activit%C3%A9s%20de%20Bernon%2C%2030330%20Tresques&#038;t=m&#038;z=10&#038;output=embed&#038;iwloc=near\"\n\t\t\t\t\ttitle=\"DUMAS r\u00e9cup\u00e9ration, Parc d&#039;activit\u00e9s de Bernon, 30330 Tresques\"\n\t\t\t\t\taria-label=\"DUMAS r\u00e9cup\u00e9ration, Parc d&#039;activit\u00e9s de Bernon, 30330 Tresques\"\n\t\t\t><\/iframe>\n\t\t<\/div>\n\t\t\t\t\t\t<\/div>\n\t\t\t\t<\/div>\n\t\t\t\t\t<\/div>\n\t\t<\/div>\n\t\t\t\t<div class=\"elementor-column elementor-col-50 elementor-inner-column elementor-element elementor-element-cde3fe0\" data-id=\"cde3fe0\" data-element_type=\"column\" data-e-type=\"column\">\n\t\t\t<div class=\"elementor-widget-wrap elementor-element-populated\">\n\t\t\t\t\t\t<div class=\"elementor-element elementor-element-0f5a31d elementor-widget elementor-widget-heading\" data-id=\"0f5a31d\" data-element_type=\"widget\" data-e-type=\"widget\" data-widget_type=\"heading.default\">\n\t\t\t\t<div class=\"elementor-widget-container\">\n\t\t\t\t\t<h2 class=\"elementor-heading-title elementor-size-default\">EN LIGNE<\/h2>\t\t\t\t<\/div>\n\t\t\t\t<\/div>\n\t\t\t\t<div class=\"elementor-element elementor-element-cab281a elementor-view-default elementor-widget elementor-widget-icon\" data-id=\"cab281a\" data-element_type=\"widget\" data-e-type=\"widget\" data-widget_type=\"icon.default\">\n\t\t\t\t<div class=\"elementor-widget-container\">\n\t\t\t\t\t\t\t<div class=\"elementor-icon-wrapper\">\n\t\t\t<div class=\"elementor-icon\">\n\t\t\t\t\t\t\t<i class=\"fa fa-desktop\" aria-hidden=\"true\"><\/i>\n\t\t\t\t\t\t<\/div>\n\t\t<\/div>\n\t\t\t\t\t\t<\/div>\n\t\t\t\t<\/div>\n\t\t\t\t<div class=\"elementor-element elementor-element-689362e elementor-widget elementor-widget-text-editor\" data-id=\"689362e\" data-element_type=\"widget\" data-e-type=\"widget\" data-widget_type=\"text-editor.default\">\n\t\t\t\t<div class=\"elementor-widget-container\">\n\t\t\t\t\t\t\t\t\t<p>Si vous ne pouvez pas vous d\u00e9placer, envoyez-nous par mail vos documents, nous constituons votre dossier et nous vous ferons signer les documents le jour de l&rsquo;enl\u00e8vement.<\/p>\t\t\t\t\t\t\t\t<\/div>\n\t\t\t\t<\/div>\n\t\t\t\t<div class=\"elementor-element elementor-element-b76f622 elementor-widget elementor-widget-text-editor\" data-id=\"b76f622\" data-element_type=\"widget\" data-e-type=\"widget\" data-widget_type=\"text-editor.default\">\n\t\t\t\t<div class=\"elementor-widget-container\">\n\t\t\t\t\t\t\t\t\t<p>Veuillez vous munir des \u00e9l\u00e9ments suivants avant de remplir le formulaire :<\/p><div>&#8211; une copie de votre pi\u00e8ce d&rsquo;identit\u00e9<\/div><div>&#8211; une copie de votre carte grise<\/div><div>&#8211; une photo du v\u00e9hicule avec la plaque d&rsquo;immatriculation visible<\/div>\t\t\t\t\t\t\t\t<\/div>\n\t\t\t\t<\/div>\n\t\t\t\t<div class=\"elementor-element elementor-element-a2ac209 elementor-widget elementor-widget-text-editor\" data-id=\"a2ac209\" data-element_type=\"widget\" data-e-type=\"widget\" data-widget_type=\"text-editor.default\">\n\t\t\t\t<div class=\"elementor-widget-container\">\n\t\t\t\t\t\t\t\t\t\n<div class=\"wpcf7 no-js\" id=\"wpcf7-f103-o1\" lang=\"fr-FR\" dir=\"ltr\" data-wpcf7-id=\"103\">\n<div class=\"screen-reader-response\"><p role=\"status\" aria-live=\"polite\" aria-atomic=\"true\"><\/p> <ul><\/ul><\/div>\n<form action=\"\/index.php\/wp-json\/wp\/v2\/pages\/304#wpcf7-f103-o1\" method=\"post\" class=\"wpcf7-form init\" aria-label=\"Formulaire de contact\" enctype=\"multipart\/form-data\" novalidate=\"novalidate\" data-status=\"init\">\n<fieldset class=\"hidden-fields-container\"><input type=\"hidden\" name=\"_wpcf7\" value=\"103\" \/><input type=\"hidden\" name=\"_wpcf7_version\" value=\"6.1.5\" \/><input type=\"hidden\" name=\"_wpcf7_locale\" value=\"fr_FR\" \/><input type=\"hidden\" name=\"_wpcf7_unit_tag\" value=\"wpcf7-f103-o1\" \/><input type=\"hidden\" name=\"_wpcf7_container_post\" value=\"0\" \/><input type=\"hidden\" name=\"_wpcf7_posted_data_hash\" value=\"\" \/>\n<\/fieldset>\n<p><label> NOM Pr\u00e9nom (obligatoire)<br \/>\n<span class=\"wpcf7-form-control-wrap\" data-name=\"your-name\"><input size=\"40\" maxlength=\"400\" class=\"wpcf7-form-control wpcf7-text wpcf7-validates-as-required\" aria-required=\"true\" aria-invalid=\"false\" value=\"\" type=\"text\" name=\"your-name\" \/><\/span> <\/label>\n<\/p>\n<p><label> Votre adresse de messagerie (obligatoire)<br \/>\n<span class=\"wpcf7-form-control-wrap\" data-name=\"your-email\"><input size=\"40\" maxlength=\"400\" class=\"wpcf7-form-control wpcf7-email wpcf7-validates-as-required wpcf7-text wpcf7-validates-as-email\" aria-required=\"true\" aria-invalid=\"false\" value=\"\" type=\"email\" name=\"your-email\" \/><\/span> <\/label>\n<\/p>\n<p><label> Votre num\u00e9ro de t\u00e9l\u00e9phone (obligatoire)<br \/>\n<span class=\"wpcf7-form-control-wrap\" data-name=\"tel-536\"><input size=\"40\" maxlength=\"400\" class=\"wpcf7-form-control wpcf7-tel wpcf7-validates-as-required wpcf7-text wpcf7-validates-as-tel\" aria-required=\"true\" aria-invalid=\"false\" value=\"\" type=\"tel\" name=\"tel-536\" \/><\/span> <\/label>\n<\/p>\n<p><label> Adresse o\u00f9 se situe l&rsquo;\u00e9pave (obligatoire)<br \/>\n<span class=\"wpcf7-form-control-wrap\" data-name=\"your-adress\"><input size=\"40\" maxlength=\"400\" class=\"wpcf7-form-control wpcf7-text wpcf7-validates-as-required\" aria-required=\"true\" aria-invalid=\"false\" value=\"\" type=\"text\" name=\"your-adress\" \/><\/span> <\/label>\n<\/p>\n<p><label>T\u00e9l\u00e9chargez vos documents uniquement depuis un ordinateur (copie carte grise, copie pi\u00e8ce d&rsquo;identit\u00e9 et photo de votre v\u00e9hicule avec plaque d&rsquo;immatriculation visible)<\/label>\n<\/p>\n<p><span class=\"wpcf7-form-control-wrap\" data-name=\"Cartegrise\"><input size=\"40\" class=\"wpcf7-form-control wpcf7-file wpcf7-validates-as-required\" accept=\".jpg,.jpeg,.gif,.png,.pdf\" aria-required=\"true\" aria-invalid=\"false\" type=\"file\" name=\"Cartegrise\" \/><\/span>\n<\/p>\n<p><span class=\"wpcf7-form-control-wrap\" data-name=\"CNI\"><input size=\"40\" class=\"wpcf7-form-control wpcf7-file wpcf7-validates-as-required\" accept=\".jpg,.jpeg,.gif,.png,.pdf\" aria-required=\"true\" aria-invalid=\"false\" type=\"file\" name=\"CNI\" \/><\/span>\n<\/p>\n<p><span class=\"wpcf7-form-control-wrap\" data-name=\"photovoiture\"><input size=\"40\" class=\"wpcf7-form-control wpcf7-file wpcf7-validates-as-required\" accept=\".jpg,.jpeg,.gif,.png,.pdf\" aria-required=\"true\" aria-invalid=\"false\" type=\"file\" name=\"photovoiture\" \/><\/span>\n<\/p>\n<p><input class=\"wpcf7-form-control wpcf7-submit has-spinner\" type=\"submit\" value=\"Envoyer\" \/>\n<\/p><div class=\"wpcf7-response-output\" aria-hidden=\"true\"><\/div>\n<\/form>\n<\/div>\n\t\t\t\t\t\t\t\t<\/div>\n\t\t\t\t<\/div>\n\t\t\t\t\t<\/div>\n\t\t<\/div>\n\t\t\t\t\t<\/div>\n\t\t<\/section>\n\t\t\t\t\t<\/div>\n\t\t<\/div>\n\t\t\t\t\t<\/div>\n\t\t<\/section>\n\t\t\t\t<section class=\"elementor-section elementor-top-section elementor-element elementor-element-2432538 elementor-section-boxed elementor-section-height-default elementor-section-height-default\" data-id=\"2432538\" data-element_type=\"section\" data-e-type=\"section\">\n\t\t\t\t\t\t<div class=\"elementor-container elementor-column-gap-default\">\n\t\t\t\t\t<div class=\"elementor-column elementor-col-100 elementor-top-column elementor-element elementor-element-46df12a\" data-id=\"46df12a\" data-element_type=\"column\" data-e-type=\"column\">\n\t\t\t<div class=\"elementor-widget-wrap\">\n\t\t\t\t\t\t\t<\/div>\n\t\t<\/div>\n\t\t\t\t\t<\/div>\n\t\t<\/section>\n\t\t\t\t<\/div>\n\t\t","protected":false},"excerpt":{"rendered":"<p>Une \u00e9pave \u00e0 enlever ? DUMAS R\u00e9cup\u00e9ration enl\u00e8ve votre v\u00e9hicule gratuitement dans un rayon de 50 km autour de Bagnols-sur-C\u00e8ze. Obtenir un certificat de non-gage \u00a0Pour constituer votre dossier de demande d&rsquo;enl\u00e8vement, 2 possibilit\u00e9s s&rsquo;offrent \u00e0 vous : SUR PLACE Rendez-vous dans nos locaux pour constituer votre dossier. Munissez-vous de [&hellip;]<\/p>\n","protected":false},"author":1,"featured_media":0,"parent":6,"menu_order":0,"comment_status":"closed","ping_status":"open","template":"","meta":{"ngg_post_thumbnail":0,"footnotes":""},"class_list":["post-304","page","type-page","status-publish","hentry"],"_links":{"self":[{"href":"http:\/\/dumasrecuperation.com\/index.php\/wp-json\/wp\/v2\/pages\/304","targetHints":{"allow":["GET"]}}],"collection":[{"href":"http:\/\/dumasrecuperation.com\/index.php\/wp-json\/wp\/v2\/pages"}],"about":[{"href":"http:\/\/dumasrecuperation.com\/index.php\/wp-json\/wp\/v2\/types\/page"}],"author":[{"embeddable":true,"href":"http:\/\/dumasrecuperation.com\/index.php\/wp-json\/wp\/v2\/users\/1"}],"replies":[{"embeddable":true,"href":"http:\/\/dumasrecuperation.com\/index.php\/wp-json\/wp\/v2\/comments?post=304"}],"version-history":[{"count":19,"href":"http:\/\/dumasrecuperation.com\/index.php\/wp-json\/wp\/v2\/pages\/304\/revisions"}],"predecessor-version":[{"id":898,"href":"http:\/\/dumasrecuperation.com\/index.php\/wp-json\/wp\/v2\/pages\/304\/revisions\/898"}],"up":[{"embeddable":true,"href":"http:\/\/dumasrecuperation.com\/index.php\/wp-json\/wp\/v2\/pages\/6"}],"wp:attachment":[{"href":"http:\/\/dumasrecuperation.com\/index.php\/wp-json\/wp\/v2\/media?parent=304"}],"curies":[{"name":"wp","href":"https:\/\/api.w.org\/{rel}","templated":true}]}}