{"id":138,"date":"2018-12-03T17:07:38","date_gmt":"2018-12-03T16:07:38","guid":{"rendered":"http:\/\/dumasrecuperation.com\/?page_id=138"},"modified":"2020-02-12T09:22:06","modified_gmt":"2020-02-12T08:22:06","slug":"mentions-legales","status":"publish","type":"page","link":"http:\/\/dumasrecuperation.com\/index.php\/mentions-legales\/","title":{"rendered":"Mentions l\u00e9gales"},"content":{"rendered":"\t\t<div data-elementor-type=\"wp-post\" data-elementor-id=\"138\" class=\"elementor elementor-138\">\n\t\t\t\t\t\t<section class=\"elementor-section elementor-top-section elementor-element elementor-element-67bd9ea elementor-section-boxed elementor-section-height-default elementor-section-height-default\" data-id=\"67bd9ea\" data-element_type=\"section\" data-e-type=\"section\">\n\t\t\t\t\t\t<div class=\"elementor-container elementor-column-gap-default\">\n\t\t\t\t\t<div class=\"elementor-column elementor-col-100 elementor-top-column elementor-element elementor-element-3ae06bc\" data-id=\"3ae06bc\" data-element_type=\"column\" data-e-type=\"column\">\n\t\t\t<div class=\"elementor-widget-wrap elementor-element-populated\">\n\t\t\t\t\t\t<div class=\"elementor-element elementor-element-034cabd elementor-widget elementor-widget-heading\" data-id=\"034cabd\" data-element_type=\"widget\" data-e-type=\"widget\" data-widget_type=\"heading.default\">\n\t\t\t\t<div class=\"elementor-widget-container\">\n\t\t\t\t\t<h2 class=\"elementor-heading-title elementor-size-default\">Mentions l\u00e9gales<\/h2>\t\t\t\t<\/div>\n\t\t\t\t<\/div>\n\t\t\t\t\t<\/div>\n\t\t<\/div>\n\t\t\t\t\t<\/div>\n\t\t<\/section>\n\t\t\t\t<section class=\"elementor-section elementor-top-section elementor-element elementor-element-e97da7e elementor-section-boxed elementor-section-height-default elementor-section-height-default\" data-id=\"e97da7e\" data-element_type=\"section\" data-e-type=\"section\">\n\t\t\t\t\t\t<div class=\"elementor-container elementor-column-gap-default\">\n\t\t\t\t\t<div class=\"elementor-column elementor-col-100 elementor-top-column elementor-element elementor-element-30b2402\" data-id=\"30b2402\" data-element_type=\"column\" data-e-type=\"column\">\n\t\t\t<div class=\"elementor-widget-wrap elementor-element-populated\">\n\t\t\t\t\t\t<div class=\"elementor-element elementor-element-3189efd elementor-widget elementor-widget-text-editor\" data-id=\"3189efd\" data-element_type=\"widget\" data-e-type=\"widget\" data-widget_type=\"text-editor.default\">\n\t\t\t\t<div class=\"elementor-widget-container\">\n\t\t\t\t\t\t\t\t\t<p><style>\n<!-- \/* Font Definitions *\/ @font-face {font-family:\"\uff2d\uff33 \u660e\u671d\"; mso-font-charset:78; mso-generic-font-family:auto; mso-font-pitch:variable; mso-font-signature:-536870145 1791491579 18 0 131231 0;} @font-face {font-family:\"\uff2d\uff33 \u660e\u671d\"; mso-font-charset:78; mso-generic-font-family:auto; mso-font-pitch:variable; mso-font-signature:-536870145 1791491579 18 0 131231 0;} @font-face {font-family:Calibri; panose-1:2 15 5 2 2 2 4 3 2 4; mso-font-charset:0; mso-generic-font-family:auto; mso-font-pitch:variable; mso-font-signature:-520092929 1073786111 9 0 415 0;} @font-face {font-family:Cambria; panose-1:2 4 5 3 5 4 6 3 2 4; mso-font-charset:0; mso-generic-font-family:auto; mso-font-pitch:variable; mso-font-signature:-536870145 1073743103 0 0 415 0;} \/* Style Definitions *\/ p.MsoNormal, li.MsoNormal, div.MsoNormal {mso-style-unhide:no; mso-style-qformat:yes; mso-style-parent:\"\"; margin:0cm; margin-bottom:.0001pt; mso-pagination:widow-orphan; font-size:12.0pt; font-family:Cambria; mso-fareast-font-family:\"\uff2d\uff33 \u660e\u671d\"; mso-bidi-font-family:\"Times New Roman\";} a:link, span.MsoHyperlink {mso-style-priority:99; mso-style-parent:\"\"; color:blue; text-decoration:underline; text-underline:single;} a:visited, span.MsoHyperlinkFollowed {mso-style-noshow:yes; mso-style-priority:99; color:purple; mso-themecolor:followedhyperlink; text-decoration:underline; text-underline:single;} .MsoChpDefault {mso-style-type:export-only; mso-default-props:yes; font-size:10.0pt; mso-ansi-font-size:10.0pt; mso-bidi-font-size:10.0pt; font-family:Cambria; mso-ascii-font-family:Cambria; mso-fareast-font-family:\"\uff2d\uff33 \u660e\u671d\"; mso-hansi-font-family:Cambria;} @page WordSection1 {size:595.0pt 842.0pt; margin:70.85pt 70.85pt 70.85pt 70.85pt; mso-header-margin:35.4pt; mso-footer-margin:35.4pt; mso-paper-source:0;} div.WordSection1 {page:WordSection1;} --><br \/><\/style><\/p><p class=\"MsoNormal\" style=\"mso-margin-top-alt: auto; mso-margin-bottom-alt: auto;\"><b><span style=\"font-size: 10.0pt; font-family: Calibri;\"><span style=\"vertical-align: inherit;\"><span style=\"vertical-align: inherit;\">1 \/ CONDITIONS D&rsquo;UTILISATION<\/span><\/span><\/span><\/b><span style=\"font-size: 10.0pt; font-family: Calibri;\"><\/span><\/p><p class=\"MsoNormal\" style=\"mso-margin-top-alt: auto; mso-margin-bottom-alt: auto;\"><span style=\"font-size: 10.0pt; font-family: Calibri;\"><span style=\"vertical-align: inherit;\"><span style=\"vertical-align: inherit;\">L&rsquo;acc\u00e8s au site web DUMAS R\u00e9cup\u00e9ration et son utilisation sont r\u00e9serv\u00e9s \u00e0 un usage strictement personnel. <\/span><span style=\"vertical-align: inherit;\">L&rsquo;utilisateur ayant acc\u00e8s \u00e0 ce site s&rsquo;engage \u00e0 se conformer aux conditions d&rsquo;utilisation. <\/span><span style=\"vertical-align: inherit;\">DUMAS R\u00e9cup\u00e9ration se r\u00e9serve le droit de suspendre, d&rsquo;interrompre ou de limiter sans avis pr\u00e9alable l&rsquo;acc\u00e8s \u00e0 tout ou partie du site.<\/span><\/span><\/span><\/p><p class=\"MsoNormal\" style=\"mso-margin-top-alt: auto; mso-margin-bottom-alt: auto;\"><span style=\"font-size: 10.0pt; font-family: Calibri;\">\u00a0<\/span><\/p><p class=\"MsoNormal\" style=\"mso-margin-top-alt: auto; mso-margin-bottom-alt: auto;\"><b><span style=\"font-size: 10.0pt; font-family: Calibri;\"><span style=\"vertical-align: inherit;\"><span style=\"vertical-align: inherit;\">2 \/ INFORMATION EDITEUR &#8211; HEBERGEMENT DU SITE<\/span><\/span><\/span><\/b><span style=\"font-size: 10.0pt; font-family: Calibri;\"><\/span><\/p><p class=\"MsoNormal\" style=\"mso-margin-top-alt: auto; mso-margin-bottom-alt: auto;\"><span style=\"font-size: 10.0pt; font-family: Calibri;\"><span style=\"vertical-align: inherit;\"><span style=\"vertical-align: inherit;\">Directeur de la publication: Emmanuelle DUMAS <\/span><\/span><br \/><span style=\"vertical-align: inherit;\"><span style=\"vertical-align: inherit;\">G\u00e9rant: Thierry DUMAS<\/span><\/span><\/span><\/p><p class=\"MsoNormal\" style=\"mso-margin-top-alt: auto; mso-margin-bottom-alt: auto;\"><span style=\"font-size: 10.0pt; font-family: Calibri;\"><span style=\"vertical-align: inherit;\"><span style=\"vertical-align: inherit;\">Le site est h\u00e9berg\u00e9 par OVH, SAS au capital de 100699020 \u20ac, 2 rue Kellermann &#8211; 59100 Roubaix &#8211; France, RCS Lille M\u00e9tropole 424761419 00045.<\/span><\/span><\/span><\/p><p class=\"MsoNormal\" style=\"mso-margin-top-alt: auto; mso-margin-bottom-alt: auto;\"><span style=\"font-size: 10.0pt; font-family: Calibri;\"><br \/><b><span style=\"vertical-align: inherit;\"><span style=\"vertical-align: inherit;\">3 \/ UTILISATION DES DONN\u00c9ES PERSONNELLES<\/span><\/span><\/b><\/span><\/p><p class=\"MsoNormal\" style=\"mso-margin-top-alt: auto; mso-margin-bottom-alt: auto;\"><span style=\"font-size: 10.0pt; font-family: Calibri;\"><span style=\"vertical-align: inherit;\"><span style=\"vertical-align: inherit;\">Les informations susceptibles d&rsquo;\u00eatre collect\u00e9es sur le site actuel sont exclusivement destin\u00e9es au traitement de votre demande par DUMAS R\u00e9cup\u00e9ration. <\/span><span style=\"vertical-align: inherit;\">Conform\u00e9ment aux dispositions des articles 38 et suivants de la Loi n \u00b0 78-17 du 6 janvier 1978 relative \u00e0 l&rsquo;informatique, aux fichiers et aux libert\u00e9s, vous savez \u00e0 tout moment d&rsquo;un droit d&rsquo;acc\u00e8s, de communication, de rectification , d&rsquo;actualisation et de suppression des donn\u00e9es personnelles vous concernant. <\/span><span style=\"vertical-align: inherit;\">Pour exercer l&rsquo;un de ces droits, vous pouvez vous adresser par courrier \u00e9lectronique \u00e0 l&rsquo;adresse: direction@dumasrecup.com ou par courrier postal \u00e0 l&rsquo;adresse suivante: DUMAS R\u00e9cup\u00e9ration, 384 Chemin de la Coste &#8211; Colombier &#8211; 30200 Sabran.<\/span><\/span><br \/><\/span><\/p><p class=\"MsoNormal\" style=\"mso-margin-top-alt: auto; mso-margin-bottom-alt: auto;\"><span style=\"font-size: 10.0pt; font-family: Calibri;\">\u00a0<\/span><\/p><p class=\"MsoNormal\" style=\"mso-margin-top-alt: auto; mso-margin-bottom-alt: auto;\"><b><span style=\"font-size: 10.0pt; font-family: Calibri;\"><span style=\"vertical-align: inherit;\"><span style=\"vertical-align: inherit;\">\u00a04 \/ DISCRIMINATION<\/span><\/span><\/span><\/b><span style=\"font-size: 10.0pt; font-family: Calibri;\"><\/span><\/p><p class=\"MsoNormal\" style=\"mso-margin-top-alt: auto; mso-margin-bottom-alt: auto;\"><span style=\"font-size: 10.0pt; font-family: Calibri;\"><span style=\"vertical-align: inherit;\"><span style=\"vertical-align: inherit;\">DUMAS R\u00e9cup\u00e9ration travaille en conformit\u00e9 avec les r\u00e8gles de d\u00e9ontologie de sa profession et les dispositions l\u00e9gales en mati\u00e8re de traitement des donn\u00e9es personnelles des candidats pour pr\u00e9venir tout risque de discrimination.<\/span><\/span><\/span><\/p><p class=\"MsoNormal\" style=\"mso-margin-top-alt: auto; mso-margin-bottom-alt: auto;\"><span style=\"font-size: 10.0pt; font-family: Calibri;\"><span style=\"vertical-align: inherit;\"><span style=\"vertical-align: inherit;\">La loi fran\u00e7aise interdite de collecte des informations concernant (1) vos origines raciales ou ethniques, (2) vos opinions politiques, (3) vos croyances religieuses ou philosophiques, (4) votre affiliation \u00e0 un syndicat, (5) votre sant\u00e9 physique ou mentale, (6) votre sexualit\u00e9 ou (7) des d\u00e9lits criminels que vous avez commis ou toute autre action dans laquelle vous \u00eates impliqu\u00e9. <\/span><span style=\"vertical-align: inherit;\">Nous vous remercions de ne pas inclure ce type d&rsquo;information dans votre curriculum vitae ou tout autre document.<\/span><\/span><\/span><\/p><p class=\"MsoNormal\" style=\"mso-margin-top-alt: auto; mso-margin-bottom-alt: auto;\"><span style=\"font-size: 10.0pt; font-family: Calibri;\">\u00a0<\/span><\/p><p class=\"MsoNormal\" style=\"mso-margin-top-alt: auto; mso-margin-bottom-alt: auto;\"><b><span style=\"font-size: 10.0pt; font-family: Calibri;\"><span style=\"vertical-align: inherit;\"><span style=\"vertical-align: inherit;\">5 \/ PROPRIETE INTELLECTUELLE<\/span><\/span><\/span><\/b><span style=\"font-size: 10.0pt; font-family: Calibri;\"><\/span><\/p><p class=\"MsoNormal\" style=\"mso-margin-top-alt: auto; mso-margin-bottom-alt: auto;\"><span style=\"font-size: 10.0pt; font-family: Calibri;\"><span style=\"vertical-align: inherit;\"><span style=\"vertical-align: inherit;\">L&rsquo;ensemble du site DUMAS R\u00e9cup\u00e9ration rel\u00e8ve de la l\u00e9gislation fran\u00e7aise et \u00e0 ce titre est prot\u00e9g\u00e9 par les dispositions du Code de la propri\u00e9t\u00e9 intellectuelle, notamment par celles de ses dispositions parents \u00e0 la propri\u00e9t\u00e9 litt\u00e9raire et artistique, aux droits d&rsquo;auteur et \u00e0 la protection des bases de donn\u00e9es. <\/span><span style=\"vertical-align: inherit;\">Ces droits sont la propri\u00e9t\u00e9 exclusive de DUMAS R\u00e9cup\u00e9ration.<\/span><\/span><\/span><\/p><p class=\"MsoNormal\" style=\"mso-margin-top-alt: auto; mso-margin-bottom-alt: auto;\"><span style=\"font-size: 10.0pt; font-family: Calibri;\"><span style=\"vertical-align: inherit;\"><span style=\"vertical-align: inherit;\"><span style=\"vertical-align: inherit;\"><span style=\"vertical-align: inherit;\">DUMAS R\u00e9cup\u00e9ration vous rappelle que le Code de la propri\u00e9t\u00e9 intellectuelle n&rsquo;autorise pas les termes de l&rsquo;article L.122-5, d&rsquo;une partie, que les copies ou reproductions strictement r\u00e9serv\u00e9es \u00e0 l&rsquo;usage priv\u00e9 du copiste et non destin\u00e9es \u00e0 une utilisation collective et, d&rsquo;autre part, que les analyses et les citations de courtoisie dans un mais d&rsquo;exemple et d&rsquo;illustration. <\/span><\/span><\/span><span style=\"vertical-align: inherit;\"><span style=\"vertical-align: inherit;\"><span style=\"vertical-align: inherit;\">Tout usage commercial des produits du site est rigoureusement interdit.<\/span><\/span><\/span><\/span><\/span><\/p><p class=\"MsoNormal\" style=\"mso-margin-top-alt: auto; mso-margin-bottom-alt: auto;\"><span style=\"font-size: 10.0pt; font-family: Calibri;\"><span style=\"vertical-align: inherit;\"><span style=\"vertical-align: inherit;\"><span style=\"vertical-align: inherit;\"><span style=\"vertical-align: inherit;\">Toute utilisation quelle qu&rsquo;elle soit des noms de marques, des services et des logos de ce site incluant notamment, mais non limitativement, DUMAS R\u00e9cup\u00e9ration est interdite sans l&rsquo;accord express pr\u00e9alable et \u00e9crit des titulaires des droits. <\/span><\/span><\/span><span style=\"vertical-align: inherit;\"><span style=\"vertical-align: inherit;\"><span style=\"vertical-align: inherit;\">Vous ne devez donc pas utiliser, copieur, modificateur, afficher, supprimer, distribuer, t\u00e9l\u00e9charger, sauvegarder, reproduire, transmettre, publier, vendre, revendre, adaptateur, d\u00e9sosser ou cr\u00e9er des d\u00e9riv\u00e9s des produits ou utiliser les produits sur d&rsquo;autres sites Internet ou dans tout autre m\u00e9dia sans l&rsquo;accord express pr\u00e9alable et \u00e9crit des titulaires des droits.<\/span><\/span><\/span><\/span><\/span><\/p><p class=\"MsoNormal\" style=\"mso-margin-top-alt: auto; mso-margin-bottom-alt: auto;\"><span style=\"font-size: 10.0pt; font-family: Calibri;\"><span style=\"vertical-align: inherit;\"><span style=\"vertical-align: inherit;\"><span style=\"vertical-align: inherit;\"><span style=\"vertical-align: inherit;\">Le copyright s&rsquo;applique \u00e9galement aux logos, vid\u00e9os, photos mis \u00e0 disposition par les partenaires de DUMAS R\u00e9cup\u00e9ration.<\/span><\/span><\/span><\/span><\/span><\/p><p class=\"MsoNormal\" style=\"mso-margin-top-alt: auto; mso-margin-bottom-alt: auto;\"><span style=\"font-size: 10.0pt; font-family: Calibri;\">\u00a0<\/span><\/p><p class=\"MsoNormal\" style=\"mso-margin-top-alt: auto; mso-margin-bottom-alt: auto;\"><b><span style=\"font-size: 10.0pt; font-family: Calibri;\"><span style=\"vertical-align: inherit;\"><span style=\"vertical-align: inherit;\"><span style=\"vertical-align: inherit;\"><span style=\"vertical-align: inherit;\">\u00a06 \/ SITES LIENS VERS D&rsquo;AUTRES<\/span><\/span><\/span><\/span><\/span><\/b><span style=\"font-size: 10.0pt; font-family: Calibri;\"><\/span><\/p><p class=\"MsoNormal\" style=\"mso-margin-top-alt: auto; mso-margin-bottom-alt: auto;\"><span style=\"font-size: 10.0pt; font-family: Calibri;\"><span style=\"vertical-align: inherit;\"><span style=\"vertical-align: inherit;\"><span style=\"vertical-align: inherit;\"><span style=\"vertical-align: inherit;\">DUMAS R\u00e9cup\u00e9ration peut proposer des liens depuis son site vers d&rsquo;autres sites affili\u00e9s ou non affili\u00e9s. <\/span><\/span><\/span><span style=\"vertical-align: inherit;\"><span style=\"vertical-align: inherit;\"><span style=\"vertical-align: inherit;\">Ces sites sont ind\u00e9pendants, DUMAS R\u00e9cup\u00e9ration n&rsquo;\u00e9dite pas et ne contr\u00f4le pas ces sites. <\/span><\/span><\/span><span style=\"vertical-align: inherit;\"><span style=\"vertical-align: inherit;\"><span style=\"vertical-align: inherit;\">Les liens vers tous les sites ne constituant, en aucun cas, une approbation ou un partenariat entre les sites DUMAS R\u00e9cup\u00e9ration et ces. <\/span><\/span><\/span><span style=\"vertical-align: inherit;\"><span style=\"vertical-align: inherit;\"><span style=\"vertical-align: inherit;\">D\u00e8s lors, DUMAS R\u00e9cup\u00e9ration ne peut \u00eatre responsable de leurs contenus, de leurs publicit\u00e9s ou de tous les \u00e9l\u00e9ments ou services fournis sur ces sites. <\/span><\/span><\/span><span style=\"vertical-align: inherit;\"><span style=\"vertical-align: inherit;\"><span style=\"vertical-align: inherit;\">Nous vous rappelons que les sites affili\u00e9s ou non affili\u00e9s sont soumis \u00e0 leurs propres conditions d&rsquo;utilisation et de protection des donn\u00e9es personnelles.<\/span><\/span><\/span><\/span><\/span><\/p><p class=\"MsoNormal\" style=\"mso-margin-top-alt: auto; mso-margin-bottom-alt: auto;\"><span style=\"font-size: 10.0pt; font-family: Calibri;\"><span style=\"vertical-align: inherit;\"><span style=\"vertical-align: inherit;\"><span style=\"vertical-align: inherit;\"><span style=\"vertical-align: inherit;\">DUMAS RECUPERATION &#8211; SARL au capital de 8 000 \u20ac, RCS de N\u00eemes 497 869 537 00017 <\/span><\/span><\/span><\/span><br \/><span style=\"vertical-align: inherit;\"><span style=\"vertical-align: inherit;\"><span style=\"vertical-align: inherit;\"><span style=\"vertical-align: inherit;\">G\u00e9rant: Thierry DUMAS <\/span><\/span><\/span><\/span><br \/><span style=\"vertical-align: inherit;\"><span style=\"vertical-align: inherit;\"><span style=\"vertical-align: inherit;\"><span style=\"vertical-align: inherit;\">384 Chemin de la Coste &#8211; Colombier <\/span><\/span><\/span><\/span><br \/><span style=\"vertical-align: inherit;\"><span style=\"vertical-align: inherit;\"><span style=\"vertical-align: inherit;\"><span style=\"vertical-align: inherit;\">30200 Sabran <\/span><\/span><\/span><\/span><br \/><span style=\"vertical-align: inherit;\"><span style=\"vertical-align: inherit;\"><span style=\"vertical-align: inherit;\"><span style=\"vertical-align: inherit;\">04 66 89 44 24<\/span><\/span><\/span><\/span><\/span><\/p><p class=\"MsoNormal\" style=\"mso-margin-top-alt: auto; mso-margin-bottom-alt: auto;\"><span style=\"font-size: 10.0pt; font-family: Calibri;\"><span style=\"vertical-align: inherit;\"><span style=\"vertical-align: inherit;\"><span style=\"vertical-align: inherit;\"><span style=\"vertical-align: inherit;\">TVA FR04497869537\u00a0<\/span><\/span><\/span><\/span><\/span><\/p><p class=\"MsoNormal\" style=\"mso-margin-top-alt: auto; mso-margin-bottom-alt: auto;\"><span style=\"font-size: 10.0pt; font-family: Calibri;\"><span style=\"vertical-align: inherit;\"><span style=\"vertical-align: inherit;\"><span style=\"vertical-align: inherit;\"><span style=\"vertical-align: inherit;\"><a href=\"http:\/\/www.dumasrecuperation.com\">www.dumasrecuperation.com<\/a><\/span><\/span><\/span><\/span><\/span><\/p><p class=\"MsoNormal\" style=\"mso-margin-top-alt: auto; mso-margin-bottom-alt: auto;\"><span style=\"font-size: 10.0pt; font-family: Calibri;\"><span style=\"vertical-align: inherit;\"><span style=\"vertical-align: inherit;\"><span style=\"vertical-align: inherit;\"><span style=\"vertical-align: inherit;\"> magasin@dumasrecup.com<\/span><\/span><\/span><\/span><span style=\"vertical-align: inherit;\"><span style=\"vertical-align: inherit;\">\u00a0<\/span><\/span><br \/><span style=\"vertical-align: inherit;\"><span style=\"vertical-align: inherit;\"><span style=\"vertical-align: inherit;\"><\/span><\/span><\/span><br \/><a href=\"http:\/\/www.dumasrecuperation.com\"><span style=\"vertical-align: inherit;\"><span style=\"vertical-align: inherit;\"><span style=\"vertical-align: inherit;\"><\/span><\/span><\/span><\/a><br \/><span style=\"vertical-align: inherit;\"><span style=\"vertical-align: inherit;\"><span style=\"vertical-align: inherit;\"><\/span><\/span><\/span><\/span><\/p><p class=\"MsoNormal\" style=\"mso-margin-top-alt: auto; mso-margin-bottom-alt: auto;\"><span style=\"font-size: 10.0pt; font-family: Calibri;\">\u00a0<\/span><\/p><p class=\"MsoNormal\" style=\"mso-margin-top-alt: auto; mso-margin-bottom-alt: auto;\"><b><span style=\"font-size: 10.0pt; font-family: Calibri;\"><span style=\"vertical-align: inherit;\"><span style=\"vertical-align: inherit;\"><span style=\"vertical-align: inherit;\"><span style=\"vertical-align: inherit;\">7 \/ CR\u00c9DITS<\/span><\/span><\/span><\/span><\/span><\/b><span style=\"font-size: 10.0pt; font-family: Calibri;\"><\/span><\/p><p><span style=\"vertical-align: inherit;\"><span style=\"vertical-align: inherit;\"><span style=\"vertical-align: inherit;\"><span style=\"vertical-align: inherit;\">Conception: DUMAS RECUPERATION <\/span><\/span><\/span><\/span><br \/><span style=\"vertical-align: inherit;\"><span style=\"vertical-align: inherit;\"><span style=\"vertical-align: inherit;\"><span style=\"vertical-align: inherit;\">Cr\u00e9dits photo: \u00a9 Dumas R\u00e9cup\u00e9ration<\/span><\/span><\/span><\/span><\/p><p class=\"MsoNormal\"><span style=\"font-family: Calibri;\">\u00a0<\/span><\/p>\t\t\t\t\t\t\t\t<\/div>\n\t\t\t\t<\/div>\n\t\t\t\t\t<\/div>\n\t\t<\/div>\n\t\t\t\t\t<\/div>\n\t\t<\/section>\n\t\t\t\t<\/div>\n\t\t","protected":false},"excerpt":{"rendered":"<p>Mentions l\u00e9gales 1 \/ CONDITIONS D&rsquo;UTILISATION L&rsquo;acc\u00e8s au site web DUMAS R\u00e9cup\u00e9ration et son utilisation sont r\u00e9serv\u00e9s \u00e0 un usage strictement personnel. L&rsquo;utilisateur ayant acc\u00e8s \u00e0 ce site s&rsquo;engage \u00e0 se conformer aux conditions d&rsquo;utilisation. DUMAS R\u00e9cup\u00e9ration se r\u00e9serve le droit de suspendre, d&rsquo;interrompre ou de limiter sans avis pr\u00e9alable [&hellip;]<\/p>\n","protected":false},"author":1,"featured_media":0,"parent":0,"menu_order":0,"comment_status":"closed","ping_status":"closed","template":"page-templates\/template-pagebuilder-full-width.php","meta":{"ngg_post_thumbnail":0,"footnotes":""},"class_list":["post-138","page","type-page","status-publish","hentry"],"_links":{"self":[{"href":"http:\/\/dumasrecuperation.com\/index.php\/wp-json\/wp\/v2\/pages\/138","targetHints":{"allow":["GET"]}}],"collection":[{"href":"http:\/\/dumasrecuperation.com\/index.php\/wp-json\/wp\/v2\/pages"}],"about":[{"href":"http:\/\/dumasrecuperation.com\/index.php\/wp-json\/wp\/v2\/types\/page"}],"author":[{"embeddable":true,"href":"http:\/\/dumasrecuperation.com\/index.php\/wp-json\/wp\/v2\/users\/1"}],"replies":[{"embeddable":true,"href":"http:\/\/dumasrecuperation.com\/index.php\/wp-json\/wp\/v2\/comments?post=138"}],"version-history":[{"count":6,"href":"http:\/\/dumasrecuperation.com\/index.php\/wp-json\/wp\/v2\/pages\/138\/revisions"}],"predecessor-version":[{"id":730,"href":"http:\/\/dumasrecuperation.com\/index.php\/wp-json\/wp\/v2\/pages\/138\/revisions\/730"}],"wp:attachment":[{"href":"http:\/\/dumasrecuperation.com\/index.php\/wp-json\/wp\/v2\/media?parent=138"}],"curies":[{"name":"wp","href":"https:\/\/api.w.org\/{rel}","templated":true}]}}